{"id":116,"date":"2019-06-16T20:44:55","date_gmt":"2019-06-16T20:44:55","guid":{"rendered":"http:\/\/leipe-coaching.de\/?page_id=116"},"modified":"2019-06-23T19:46:23","modified_gmt":"2019-06-23T19:46:23","slug":"kundenstimmen","status":"publish","type":"page","link":"https:\/\/leipe-coaching.de\/?page_id=116","title":{"rendered":"Kundenstimmen"},"content":{"rendered":"\n<blockquote class=\"wp-block-quote is-style-large is-layout-flow wp-block-quote-is-layout-flow\"><p>&#8222;Ich bin sehr dankbar, dass Sie mir geholfen haben meine Schlafst\u00f6rungen in den Griff zu bekommen.&nbsp;Ich kann inzwischen gut schlafen und es gelingt mir, mit den immer mal wieder auftretenden Anspannungen besser umzugehen.&#8220;<\/p><cite>Kathrin, Weimar<\/cite><\/blockquote>\n\n\n\n<blockquote class=\"wp-block-quote is-style-large is-layout-flow wp-block-quote-is-layout-flow\"><p>&#8222;Vielen herzlichen Dank f\u00fcr die einf\u00fchlsame Analyse meiner Blockaden im Businessbereich. Es hat mir neue Blickwinkel beschert und gab mir direkte M\u00f6glichkeiten, diese zuk\u00fcnftig aufzul\u00f6sen. Danke f\u00fcr die kompetente Begleitung.&#8220;<\/p><cite>Markus, 45 Jahre, Ilmenau<\/cite><\/blockquote>\n\n\n\n<blockquote class=\"wp-block-quote is-style-large is-layout-flow wp-block-quote-is-layout-flow\"><p>&#8222;Ich bin sehr dankbar f\u00fcr die Unterst\u00fctzung durch Herrn Leipe, zun\u00e4chst bei einem Beziehungsthema und sp\u00e4ter dann auch bei der Bearbeitung eines beruflichen Konflikts. Ich war erstaunt, welche Kr\u00e4fte durch das sehr einf\u00fchlsame und facettenreiche Coaching bei mir freigesetzt wurden, die mein Leben sehr bereichert haben. Sehr gerne empfehle ich ein Coaching bei ihm.&#8220;<\/p><cite>Thomas, 33 Jahre, Erfurt<\/cite><\/blockquote>\n\n\n\n<blockquote class=\"wp-block-quote is-style-large is-layout-flow wp-block-quote-is-layout-flow\"><p>&#8222;Ich wollte kurz noch einmal von dem Erfolg berichten, den ich durch Deine Hilfe habe. Wir waren in den Winterferien und ich bin alle Skilifte ohne Bedenken hoch- und runtergefahren. Es war traumhaft sch\u00f6n und ich konnte es total genie\u00dfen. Vielen Dank nochmal.&#8220;<\/p><cite>Christin, Weimar<\/cite><\/blockquote>\n\n\n\n<blockquote class=\"wp-block-quote is-style-large is-layout-flow wp-block-quote-is-layout-flow\"><p>&#8222;Herrn Leipe ist es gelungen, mit Hilfe einer Aufstellung innere Blockaden zu l\u00f6sen und hat mir geholfen, Ziele neu zu definieren und umzusetzen. Vielen Dank daf\u00fcr.&#8220;<\/p><cite>Sven, 49 Jahre, Paderborn<\/cite><\/blockquote>\n\n\n\n<blockquote class=\"wp-block-quote is-style-large is-layout-flow wp-block-quote-is-layout-flow\"><p>&#8222;Eine wunderbar einf\u00fchlsame Begleitung. Ich habe mich von Anfang bis Ende gut aufgehoben gef\u00fchlt und bin einige Lasten los geworden. Vielen herzlichen Dank und gerne immer wieder.&#8220;<\/p><cite>Doreen,  47 Jahre,  Ilmenau<\/cite><\/blockquote>\n\n\n\n<blockquote class=\"wp-block-quote is-style-large is-layout-flow wp-block-quote-is-layout-flow\"><p>&#8222;Ich m\u00f6chte Sie fragen, ob ich einen Termin mit Ihnen vereinbaren k\u00f6nnte.&nbsp;Das letzte Mal hat mir soviel weiter geholfen :)&#8220;<\/p><cite>Katrin, Ilmenau<\/cite><\/blockquote>\n","protected":false},"excerpt":{"rendered":"<p>&#8222;Ich bin sehr dankbar, dass Sie mir geholfen haben meine Schlafst\u00f6rungen in den Griff zu bekommen.&nbsp;Ich kann inzwischen gut schlafen und es gelingt mir, mit den immer mal wieder auftretenden Anspannungen besser umzugehen.&#8220; Kathrin, Weimar &#8222;Vielen herzlichen Dank f\u00fcr die einf\u00fchlsame Analyse meiner Blockaden im Businessbereich. Es hat mir neue Blickwinkel beschert und gab mir &hellip; <\/p>\n<p class=\"link-more\"><a href=\"https:\/\/leipe-coaching.de\/?page_id=116\" class=\"more-link\"><span class=\"screen-reader-text\">\u201eKundenstimmen\u201c<\/span> weiterlesen<\/a><\/p>\n","protected":false},"author":1,"featured_media":128,"parent":0,"menu_order":6,"comment_status":"closed","ping_status":"closed","template":"","meta":{"footnotes":""},"class_list":["post-116","page","type-page","status-publish","has-post-thumbnail","hentry"],"_links":{"self":[{"href":"https:\/\/leipe-coaching.de\/index.php?rest_route=\/wp\/v2\/pages\/116","targetHints":{"allow":["GET"]}}],"collection":[{"href":"https:\/\/leipe-coaching.de\/index.php?rest_route=\/wp\/v2\/pages"}],"about":[{"href":"https:\/\/leipe-coaching.de\/index.php?rest_route=\/wp\/v2\/types\/page"}],"author":[{"embeddable":true,"href":"https:\/\/leipe-coaching.de\/index.php?rest_route=\/wp\/v2\/users\/1"}],"replies":[{"embeddable":true,"href":"https:\/\/leipe-coaching.de\/index.php?rest_route=%2Fwp%2Fv2%2Fcomments&post=116"}],"version-history":[{"count":9,"href":"https:\/\/leipe-coaching.de\/index.php?rest_route=\/wp\/v2\/pages\/116\/revisions"}],"predecessor-version":[{"id":226,"href":"https:\/\/leipe-coaching.de\/index.php?rest_route=\/wp\/v2\/pages\/116\/revisions\/226"}],"wp:featuredmedia":[{"embeddable":true,"href":"https:\/\/leipe-coaching.de\/index.php?rest_route=\/wp\/v2\/media\/128"}],"wp:attachment":[{"href":"https:\/\/leipe-coaching.de\/index.php?rest_route=%2Fwp%2Fv2%2Fmedia&parent=116"}],"curies":[{"name":"wp","href":"https:\/\/api.w.org\/{rel}","templated":true}]}}