{"id":146,"date":"2019-06-18T18:54:52","date_gmt":"2019-06-18T18:54:52","guid":{"rendered":"http:\/\/leipe-coaching.de\/?page_id=146"},"modified":"2019-06-30T16:45:52","modified_gmt":"2019-06-30T16:45:52","slug":"partnerschaft","status":"publish","type":"page","link":"https:\/\/leipe-coaching.de\/?page_id=146","title":{"rendered":"Partnerschaft"},"content":{"rendered":"\n<p>Die Partnerschaft ist der Turbo f\u00fcr unsere pers\u00f6nliche Entwicklung. Unser Partner legt seinen Finger in alle unseren wunden Punkte, die wir bei uns selbst heilen wollen. Das tut richtig weh und hilft uns zu wachsen. Trennen wir uns vom Partner, ohne unsere Lektion gelernt zu haben, stellt uns der n\u00e4chste Partner vor die gleiche Herausforderung. Dann denken wir vielleicht &#8222;alle M\u00e4nner&#8220; oder &#8222;alle Frauen&#8220; seien so. Nein, das Leben gibt uns nur so lange die gleiche Aufgabe, bis wir sie gel\u00f6st haben.<\/p>\n\n\n\n<p>Unseren Partner suchten wir uns aus, weil er der Richtige ist f\u00fcr das, was wir lernen wollen. Anders wird er nicht. Nur mit der Zeit immer \u00e4lter, dicker und h\u00e4sslicher. Lieben wir ihn so, wie er ist, oder gehen wir. Alles andere ist fruchtloses Leiden.<\/p>\n\n\n\n<p>Im Coaching k\u00f6nnen wir unsere Lernaufgabe in der Partnerschaft erleben, dem Partner f\u00fcr seine Lektion von Herzen danken und uns wird klar, ob es zusammen oder getrennt weiter geht, damit wir immer mehr in die Liebe kommen.<\/p>\n\n\n\n<blockquote class=\"wp-block-quote is-layout-flow wp-block-quote-is-layout-flow\"><p>&#8222;Alles was uns an anderen missf\u00e4llt, kann uns zu besserer Selbsterkenntnis f\u00fchren.&#8220;<\/p><cite><em>Carl Gustav Jung<\/em><\/cite><\/blockquote>\n","protected":false},"excerpt":{"rendered":"<p>Die Partnerschaft ist der Turbo f\u00fcr unsere pers\u00f6nliche Entwicklung. Unser Partner legt seinen Finger in alle unseren wunden Punkte, die wir bei uns selbst heilen wollen. Das tut richtig weh und hilft uns zu wachsen. Trennen wir uns vom Partner, ohne unsere Lektion gelernt zu haben, stellt uns der n\u00e4chste Partner vor die gleiche Herausforderung. &hellip; <\/p>\n<p class=\"link-more\"><a href=\"https:\/\/leipe-coaching.de\/?page_id=146\" class=\"more-link\"><span class=\"screen-reader-text\">\u201ePartnerschaft\u201c<\/span> weiterlesen<\/a><\/p>\n","protected":false},"author":1,"featured_media":201,"parent":0,"menu_order":0,"comment_status":"closed","ping_status":"closed","template":"","meta":{"footnotes":""},"class_list":["post-146","page","type-page","status-publish","has-post-thumbnail","hentry"],"_links":{"self":[{"href":"https:\/\/leipe-coaching.de\/index.php?rest_route=\/wp\/v2\/pages\/146","targetHints":{"allow":["GET"]}}],"collection":[{"href":"https:\/\/leipe-coaching.de\/index.php?rest_route=\/wp\/v2\/pages"}],"about":[{"href":"https:\/\/leipe-coaching.de\/index.php?rest_route=\/wp\/v2\/types\/page"}],"author":[{"embeddable":true,"href":"https:\/\/leipe-coaching.de\/index.php?rest_route=\/wp\/v2\/users\/1"}],"replies":[{"embeddable":true,"href":"https:\/\/leipe-coaching.de\/index.php?rest_route=%2Fwp%2Fv2%2Fcomments&post=146"}],"version-history":[{"count":3,"href":"https:\/\/leipe-coaching.de\/index.php?rest_route=\/wp\/v2\/pages\/146\/revisions"}],"predecessor-version":[{"id":242,"href":"https:\/\/leipe-coaching.de\/index.php?rest_route=\/wp\/v2\/pages\/146\/revisions\/242"}],"wp:featuredmedia":[{"embeddable":true,"href":"https:\/\/leipe-coaching.de\/index.php?rest_route=\/wp\/v2\/media\/201"}],"wp:attachment":[{"href":"https:\/\/leipe-coaching.de\/index.php?rest_route=%2Fwp%2Fv2%2Fmedia&parent=146"}],"curies":[{"name":"wp","href":"https:\/\/api.w.org\/{rel}","templated":true}]}}