{"id":152,"date":"2019-06-18T19:39:06","date_gmt":"2019-06-18T19:39:06","guid":{"rendered":"http:\/\/leipe-coaching.de\/?page_id=152"},"modified":"2019-06-21T07:48:18","modified_gmt":"2019-06-21T07:48:18","slug":"beruf-karriere","status":"publish","type":"page","link":"https:\/\/leipe-coaching.de\/?page_id=152","title":{"rendered":"Beruf &#038; Karriere"},"content":{"rendered":"\n<p>Der Beruf ist ein weites Spielfeld f\u00fcr unser pers\u00f6nliches Wachstum. Die Firma \u00e4hnelt \u00fcberraschend einer Familie. Die Firma \u00e4hnelt dem Uterus der Mutter, der Chef gleicht einer Vaterfigur, die Kollegen sind wie Geschwister. Auch auf der Arbeit legen die Mitmenschen ihren Finger in unsere Wunden, damit wir sie sehen und heilen k\u00f6nnen. Seien Sie dankbar daf\u00fcr.<\/p>\n\n\n\n<p>Haben Sie Konflikte mit Kollegen, Vorgesetzten oder Mitarbeitern? Werden sie gemobbt? Bei Bef\u00f6rderungen oder Gehaltserh\u00f6hungen \u00fcbergangen? Im Coaching wird die Dynamik ihrer Konflikte sichtbar. Sie erkennen Ihren Anteil und kommen in die Klarheit, wohin Ihr beruflicher Weg f\u00fchrt.<\/p>\n","protected":false},"excerpt":{"rendered":"<p>Der Beruf ist ein weites Spielfeld f\u00fcr unser pers\u00f6nliches Wachstum. Die Firma \u00e4hnelt \u00fcberraschend einer Familie. Die Firma \u00e4hnelt dem Uterus der Mutter, der Chef gleicht einer Vaterfigur, die Kollegen sind wie Geschwister. Auch auf der Arbeit legen die Mitmenschen ihren Finger in unsere Wunden, damit wir sie sehen und heilen k\u00f6nnen. Seien Sie dankbar &hellip; <\/p>\n<p class=\"link-more\"><a href=\"https:\/\/leipe-coaching.de\/?page_id=152\" class=\"more-link\"><span class=\"screen-reader-text\">\u201eBeruf &#038; Karriere\u201c<\/span> weiterlesen<\/a><\/p>\n","protected":false},"author":1,"featured_media":199,"parent":0,"menu_order":0,"comment_status":"closed","ping_status":"closed","template":"","meta":{"footnotes":""},"class_list":["post-152","page","type-page","status-publish","has-post-thumbnail","hentry"],"_links":{"self":[{"href":"https:\/\/leipe-coaching.de\/index.php?rest_route=\/wp\/v2\/pages\/152","targetHints":{"allow":["GET"]}}],"collection":[{"href":"https:\/\/leipe-coaching.de\/index.php?rest_route=\/wp\/v2\/pages"}],"about":[{"href":"https:\/\/leipe-coaching.de\/index.php?rest_route=\/wp\/v2\/types\/page"}],"author":[{"embeddable":true,"href":"https:\/\/leipe-coaching.de\/index.php?rest_route=\/wp\/v2\/users\/1"}],"replies":[{"embeddable":true,"href":"https:\/\/leipe-coaching.de\/index.php?rest_route=%2Fwp%2Fv2%2Fcomments&post=152"}],"version-history":[{"count":2,"href":"https:\/\/leipe-coaching.de\/index.php?rest_route=\/wp\/v2\/pages\/152\/revisions"}],"predecessor-version":[{"id":162,"href":"https:\/\/leipe-coaching.de\/index.php?rest_route=\/wp\/v2\/pages\/152\/revisions\/162"}],"wp:featuredmedia":[{"embeddable":true,"href":"https:\/\/leipe-coaching.de\/index.php?rest_route=\/wp\/v2\/media\/199"}],"wp:attachment":[{"href":"https:\/\/leipe-coaching.de\/index.php?rest_route=%2Fwp%2Fv2%2Fmedia&parent=152"}],"curies":[{"name":"wp","href":"https:\/\/api.w.org\/{rel}","templated":true}]}}