{"id":155,"date":"2019-06-18T19:40:05","date_gmt":"2019-06-18T19:40:05","guid":{"rendered":"http:\/\/leipe-coaching.de\/?page_id=155"},"modified":"2019-06-21T07:58:54","modified_gmt":"2019-06-21T07:58:54","slug":"unerklaerliche-aengste","status":"publish","type":"page","link":"https:\/\/leipe-coaching.de\/?page_id=155","title":{"rendered":"\u00c4ngste"},"content":{"rendered":"\n<p>Es gibt Menschen, die vor einer kleinen Spinne Angst haben, obwohl sie wissen, dass es daf\u00fcr keinen Grund gibt, weil in Deutschland weder Menschen von Spinnen aufgefressen, noch ernsthaft verletzt wurden. Trotzdem f\u00fcrchten sich manche Menschen vor einer Spinne.<\/p>\n\n\n\n<p>Egal ob der Ausl\u00f6ser eine Spinne, eine Maus, die H\u00f6he oder ein anderer Reiz ist, unbegr\u00fcndete \u00c4ngste k\u00f6nnen das t\u00e4gliche Leben beintr\u00e4chtigen. Hier kann ein Coaching schnell helfen.<\/p>\n","protected":false},"excerpt":{"rendered":"<p>Es gibt Menschen, die vor einer kleinen Spinne Angst haben, obwohl sie wissen, dass es daf\u00fcr keinen Grund gibt, weil in Deutschland weder Menschen von Spinnen aufgefressen, noch ernsthaft verletzt wurden. Trotzdem f\u00fcrchten sich manche Menschen vor einer Spinne. Egal ob der Ausl\u00f6ser eine Spinne, eine Maus, die H\u00f6he oder ein anderer Reiz ist, unbegr\u00fcndete &hellip; <\/p>\n<p class=\"link-more\"><a href=\"https:\/\/leipe-coaching.de\/?page_id=155\" class=\"more-link\"><span class=\"screen-reader-text\">\u201e\u00c4ngste\u201c<\/span> weiterlesen<\/a><\/p>\n","protected":false},"author":1,"featured_media":200,"parent":0,"menu_order":0,"comment_status":"closed","ping_status":"closed","template":"","meta":{"footnotes":""},"class_list":["post-155","page","type-page","status-publish","has-post-thumbnail","hentry"],"_links":{"self":[{"href":"https:\/\/leipe-coaching.de\/index.php?rest_route=\/wp\/v2\/pages\/155","targetHints":{"allow":["GET"]}}],"collection":[{"href":"https:\/\/leipe-coaching.de\/index.php?rest_route=\/wp\/v2\/pages"}],"about":[{"href":"https:\/\/leipe-coaching.de\/index.php?rest_route=\/wp\/v2\/types\/page"}],"author":[{"embeddable":true,"href":"https:\/\/leipe-coaching.de\/index.php?rest_route=\/wp\/v2\/users\/1"}],"replies":[{"embeddable":true,"href":"https:\/\/leipe-coaching.de\/index.php?rest_route=%2Fwp%2Fv2%2Fcomments&post=155"}],"version-history":[{"count":3,"href":"https:\/\/leipe-coaching.de\/index.php?rest_route=\/wp\/v2\/pages\/155\/revisions"}],"predecessor-version":[{"id":193,"href":"https:\/\/leipe-coaching.de\/index.php?rest_route=\/wp\/v2\/pages\/155\/revisions\/193"}],"wp:featuredmedia":[{"embeddable":true,"href":"https:\/\/leipe-coaching.de\/index.php?rest_route=\/wp\/v2\/media\/200"}],"wp:attachment":[{"href":"https:\/\/leipe-coaching.de\/index.php?rest_route=%2Fwp%2Fv2%2Fmedia&parent=155"}],"curies":[{"name":"wp","href":"https:\/\/api.w.org\/{rel}","templated":true}]}}