{"id":158,"date":"2019-06-18T19:46:56","date_gmt":"2019-06-18T19:46:56","guid":{"rendered":"http:\/\/leipe-coaching.de\/?page_id=158"},"modified":"2019-06-21T07:14:22","modified_gmt":"2019-06-21T07:14:22","slug":"sterben","status":"publish","type":"page","link":"https:\/\/leipe-coaching.de\/?page_id=158","title":{"rendered":"Sterben"},"content":{"rendered":"\n<p>Braucht man noch ein Coaching, wenn der Tod naht? Aus Sicht der Reinkarnationstherapie und des Buddhismus l\u00e4sst sich dies eindeutig bejahen. Unsere seelische Verfassung im Augenblick unseres Todes ist wichtig f\u00fcr unsere zuk\u00fcnftigen Leben. Ganz egal wie unser bisheriges Leben war, im Prozess des Sterbens macht unsere Seele eine wichtige Erfahrung. Wir lernen Schritt f\u00fcr Schritt alles loszulassen, was wir nicht sind, bis im Augenblick des Todes nur noch wir selbst \u00fcbrig sind.\u00a0<\/p>\n\n\n\n<p>Das Coaching kann uns helfen, in Frieden mit unserem Leben zu kommen und uns von seelischem Ballast zu befreien, den wir nicht in unser zuk\u00fcnftiges Leben mitnehmen wollen. Vor dem Tod in die Liebe und Dankbarkeit zu kommen, ist eine Investition in unsere n\u00e4chste Inkarnation.<\/p>\n\n\n\n<blockquote class=\"wp-block-quote is-style-default is-layout-flow wp-block-quote-is-layout-flow\"><p>&#8222;Mensch werde wesentlich:&nbsp;<br>denn wann die Welt vergeht<br>So f\u00e4llt der Zufall weg<br>das Wesen das besteht.\u201c<\/p><cite><em>Angelus Silesius<\/em><\/cite><\/blockquote>\n","protected":false},"excerpt":{"rendered":"<p>Braucht man noch ein Coaching, wenn der Tod naht? Aus Sicht der Reinkarnationstherapie und des Buddhismus l\u00e4sst sich dies eindeutig bejahen. Unsere seelische Verfassung im Augenblick unseres Todes ist wichtig f\u00fcr unsere zuk\u00fcnftigen Leben. Ganz egal wie unser bisheriges Leben war, im Prozess des Sterbens macht unsere Seele eine wichtige Erfahrung. Wir lernen Schritt f\u00fcr &hellip; <\/p>\n<p class=\"link-more\"><a href=\"https:\/\/leipe-coaching.de\/?page_id=158\" class=\"more-link\"><span class=\"screen-reader-text\">\u201eSterben\u201c<\/span> weiterlesen<\/a><\/p>\n","protected":false},"author":1,"featured_media":186,"parent":0,"menu_order":0,"comment_status":"closed","ping_status":"closed","template":"","meta":{"footnotes":""},"class_list":["post-158","page","type-page","status-publish","has-post-thumbnail","hentry"],"_links":{"self":[{"href":"https:\/\/leipe-coaching.de\/index.php?rest_route=\/wp\/v2\/pages\/158","targetHints":{"allow":["GET"]}}],"collection":[{"href":"https:\/\/leipe-coaching.de\/index.php?rest_route=\/wp\/v2\/pages"}],"about":[{"href":"https:\/\/leipe-coaching.de\/index.php?rest_route=\/wp\/v2\/types\/page"}],"author":[{"embeddable":true,"href":"https:\/\/leipe-coaching.de\/index.php?rest_route=\/wp\/v2\/users\/1"}],"replies":[{"embeddable":true,"href":"https:\/\/leipe-coaching.de\/index.php?rest_route=%2Fwp%2Fv2%2Fcomments&post=158"}],"version-history":[{"count":2,"href":"https:\/\/leipe-coaching.de\/index.php?rest_route=\/wp\/v2\/pages\/158\/revisions"}],"predecessor-version":[{"id":189,"href":"https:\/\/leipe-coaching.de\/index.php?rest_route=\/wp\/v2\/pages\/158\/revisions\/189"}],"wp:featuredmedia":[{"embeddable":true,"href":"https:\/\/leipe-coaching.de\/index.php?rest_route=\/wp\/v2\/media\/186"}],"wp:attachment":[{"href":"https:\/\/leipe-coaching.de\/index.php?rest_route=%2Fwp%2Fv2%2Fmedia&parent=158"}],"curies":[{"name":"wp","href":"https:\/\/api.w.org\/{rel}","templated":true}]}}