{"id":171,"date":"2019-06-18T21:08:22","date_gmt":"2019-06-18T21:08:22","guid":{"rendered":"http:\/\/leipe-coaching.de\/?page_id=171"},"modified":"2019-06-21T07:31:10","modified_gmt":"2019-06-21T07:31:10","slug":"familienaufstellung","status":"publish","type":"page","link":"https:\/\/leipe-coaching.de\/?page_id=171","title":{"rendered":"Familienaufstellung"},"content":{"rendered":"\n<p>Bei der Aufstellungsarbeit schauen wir nicht auf Ihr individuelles Schicksal, sondern betrachten Ihr Eingebundensein in Ihr Familiensystem. Wir Menschen stehen nicht nur f\u00fcr uns selbst, sondern sind mit dem Schicksal unserer Familie verbunden. Manchmal \u00fcbernahmen wir unbewusst Belastungen unserer Vorfahren, die heute bei uns Symptome machen. Oder wir gaben Belastungen an unsere Kinder weiter. Wir sind dann mit unserem Familiensystem verstrickt.<\/p>\n\n\n\n<p>In einer Familienaufstellung werden die einzelnen Personen und Elemente von Stellvertretern repr\u00e4sentiert. Dadurch kann die Verstrickung sichtbar gemacht und gel\u00f6st werden. Im Einzelcoaching, wo uns keine Gruppe lebender Stellvertreter zur Verf\u00fcgung steht, arbeiten wir mit Aufstellungsfiguren. <\/p>\n","protected":false},"excerpt":{"rendered":"<p>Bei der Aufstellungsarbeit schauen wir nicht auf Ihr individuelles Schicksal, sondern betrachten Ihr Eingebundensein in Ihr Familiensystem. Wir Menschen stehen nicht nur f\u00fcr uns selbst, sondern sind mit dem Schicksal unserer Familie verbunden. Manchmal \u00fcbernahmen wir unbewusst Belastungen unserer Vorfahren, die heute bei uns Symptome machen. Oder wir gaben Belastungen an unsere Kinder weiter. Wir &hellip; <\/p>\n<p class=\"link-more\"><a href=\"https:\/\/leipe-coaching.de\/?page_id=171\" class=\"more-link\"><span class=\"screen-reader-text\">\u201eFamilienaufstellung\u201c<\/span> weiterlesen<\/a><\/p>\n","protected":false},"author":1,"featured_media":175,"parent":0,"menu_order":0,"comment_status":"closed","ping_status":"closed","template":"","meta":{"footnotes":""},"class_list":["post-171","page","type-page","status-publish","has-post-thumbnail","hentry"],"_links":{"self":[{"href":"https:\/\/leipe-coaching.de\/index.php?rest_route=\/wp\/v2\/pages\/171","targetHints":{"allow":["GET"]}}],"collection":[{"href":"https:\/\/leipe-coaching.de\/index.php?rest_route=\/wp\/v2\/pages"}],"about":[{"href":"https:\/\/leipe-coaching.de\/index.php?rest_route=\/wp\/v2\/types\/page"}],"author":[{"embeddable":true,"href":"https:\/\/leipe-coaching.de\/index.php?rest_route=\/wp\/v2\/users\/1"}],"replies":[{"embeddable":true,"href":"https:\/\/leipe-coaching.de\/index.php?rest_route=%2Fwp%2Fv2%2Fcomments&post=171"}],"version-history":[{"count":3,"href":"https:\/\/leipe-coaching.de\/index.php?rest_route=\/wp\/v2\/pages\/171\/revisions"}],"predecessor-version":[{"id":195,"href":"https:\/\/leipe-coaching.de\/index.php?rest_route=\/wp\/v2\/pages\/171\/revisions\/195"}],"wp:featuredmedia":[{"embeddable":true,"href":"https:\/\/leipe-coaching.de\/index.php?rest_route=\/wp\/v2\/media\/175"}],"wp:attachment":[{"href":"https:\/\/leipe-coaching.de\/index.php?rest_route=%2Fwp%2Fv2%2Fmedia&parent=171"}],"curies":[{"name":"wp","href":"https:\/\/api.w.org\/{rel}","templated":true}]}}