{"id":20,"date":"2019-05-11T12:01:50","date_gmt":"2019-05-11T12:01:50","guid":{"rendered":"http:\/\/leipe-coaching.de\/?page_id=20"},"modified":"2021-02-16T22:03:57","modified_gmt":"2021-02-16T22:03:57","slug":"coaching","status":"publish","type":"page","link":"https:\/\/leipe-coaching.de\/?page_id=20","title":{"rendered":"Coaching"},"content":{"rendered":"\n<p>Wenn etwas im Leben nicht rund zu laufen scheint und die eigenen Strategien nicht wirken, kann es Zeit f\u00fcr ein Coaching sein. Vielleicht m\u00f6chte das Leben uns auf einen neuen Weg f\u00fchren.<\/p>\n\n\n\n<p>Manchmal spricht das Leben durch andere Menschen zu uns, durch eine pl\u00f6tzliche Ver\u00e4nderung unserer Lebensumst\u00e4nde oder durch unseren K\u00f6rper. Oft ist dies f\u00fcr uns mit Leiden verbunden. Dieses Leiden hilft uns, den n\u00e4chsten Schritt in unserer pers\u00f6nlichen Entwicklung zu gehen. <\/p>\n\n\n\n<p>Im Coaching schauen wir uns an, was sich jetzt zeigen will. Wir \u00f6ffnen eine T\u00fcr, um einen unbekannten Teil unseres Seins zu erfahren und einen weiteren Schritt zu uns selbst zu machen. Immer mehr wir selbst zu werden, besitzt eine gro\u00dfe Kraft und Sch\u00f6nheit &#8211; f\u00fcr uns selbst und f\u00fcr andere. Letztlich ist dies der Grund, warum wir hier sind.<\/p>\n\n\n\n<p>Wie l\u00e4uft ein Coaching bei mir ab? Immer anders. Vielleicht erz\u00e4hlen Sie mir, was Sie glauben, dass Ihr aktuelles Thema w\u00e4re. Ich h\u00f6re mit allen meinen Sinnen zu und sage Ihnen, was ich wahrnehme. Danach einigen wir uns auf das im Termin zu bearbeitende Thema und wie wir arbeiten wollen, z.B. mit ihrer individuellen Geschichte, ihren inneren Teilen, ihrem Familiensystem, fr\u00fcheren Inkarnationen usw.. Ich mache einen Vorschlag, Sie entscheiden.<\/p>\n\n\n\n<p>Das ist der Unterschied zwischen Therapie und Coaching: Wer zur Therapie geht, ist krank. Der Arzt diagnostiziert die Krankheit und gibt ihm ein Heilmittel. Der Patient ist passiv. Wer ein Coaching will, ist gesund und will sein eigenes Potenzial entfalten. Er wei\u00df und ist bereit, sich daf\u00fcr anzustrengen. <\/p>\n","protected":false},"excerpt":{"rendered":"<p>Wenn etwas im Leben nicht rund zu laufen scheint und die eigenen Strategien nicht wirken, kann es Zeit f\u00fcr ein Coaching sein. Vielleicht m\u00f6chte das Leben uns auf einen neuen Weg f\u00fchren. Manchmal spricht das Leben durch andere Menschen zu uns, durch eine pl\u00f6tzliche Ver\u00e4nderung unserer Lebensumst\u00e4nde oder durch unseren K\u00f6rper. Oft ist dies f\u00fcr &hellip; <\/p>\n<p class=\"link-more\"><a href=\"https:\/\/leipe-coaching.de\/?page_id=20\" class=\"more-link\"><span class=\"screen-reader-text\">\u201eCoaching\u201c<\/span> weiterlesen<\/a><\/p>\n","protected":false},"author":1,"featured_media":103,"parent":0,"menu_order":1,"comment_status":"closed","ping_status":"closed","template":"","meta":{"footnotes":""},"class_list":["post-20","page","type-page","status-publish","has-post-thumbnail","hentry"],"_links":{"self":[{"href":"https:\/\/leipe-coaching.de\/index.php?rest_route=\/wp\/v2\/pages\/20","targetHints":{"allow":["GET"]}}],"collection":[{"href":"https:\/\/leipe-coaching.de\/index.php?rest_route=\/wp\/v2\/pages"}],"about":[{"href":"https:\/\/leipe-coaching.de\/index.php?rest_route=\/wp\/v2\/types\/page"}],"author":[{"embeddable":true,"href":"https:\/\/leipe-coaching.de\/index.php?rest_route=\/wp\/v2\/users\/1"}],"replies":[{"embeddable":true,"href":"https:\/\/leipe-coaching.de\/index.php?rest_route=%2Fwp%2Fv2%2Fcomments&post=20"}],"version-history":[{"count":14,"href":"https:\/\/leipe-coaching.de\/index.php?rest_route=\/wp\/v2\/pages\/20\/revisions"}],"predecessor-version":[{"id":247,"href":"https:\/\/leipe-coaching.de\/index.php?rest_route=\/wp\/v2\/pages\/20\/revisions\/247"}],"wp:featuredmedia":[{"embeddable":true,"href":"https:\/\/leipe-coaching.de\/index.php?rest_route=\/wp\/v2\/media\/103"}],"wp:attachment":[{"href":"https:\/\/leipe-coaching.de\/index.php?rest_route=%2Fwp%2Fv2%2Fmedia&parent=20"}],"curies":[{"name":"wp","href":"https:\/\/api.w.org\/{rel}","templated":true}]}}