{"id":204,"date":"2019-06-21T08:33:51","date_gmt":"2019-06-21T08:33:51","guid":{"rendered":"http:\/\/leipe-coaching.de\/?page_id=204"},"modified":"2019-06-21T08:33:51","modified_gmt":"2019-06-21T08:33:51","slug":"rueckfuehrungen","status":"publish","type":"page","link":"https:\/\/leipe-coaching.de\/?page_id=204","title":{"rendered":"R\u00fcckf\u00fchrungen"},"content":{"rendered":"\n<p>Manchmal ergibt es sich aus der Arbeit an einem Thema, dass die k\u00f6rperlichen Empfindungen, Bilder und Emotionen nicht zu dem passen, was wir in diesem Leben erlebt haben. Vielleicht \u00fcbernahmen wird dies von jemanden aus unserem Familiensystem. Das l\u00e4sst sich mit einer Aufstellung kl\u00e4ren. Und wenn wir auch im Familiensystem nicht f\u00fcndig werden, wo kommt es dann her?<\/p>\n\n\n\n<p>Bei einer R\u00fcckf\u00fchrung gehen mit unserer Wahrnehmung zur\u00fcck in das fr\u00fchere Leben, wo dieses Thema zum ersten Mal auftrat. Vielleicht treffen wir dort auf Menschen, die auch in unserem heutigen Leben eine Rolle spielen und wir erkennen, weshalb es uns im jetzigen Leben so schwer fiel, angemessen mit dem Thema bzw. diesen Menschen umzugehen.<\/p>\n\n\n\n<p>Wir sehen uns an, was uns damals \u00fcberforderte. Wir heilen es und damit darf es endlich vorbei sein, damit wir uns ganz unserem jetzigen Leben zuwenden k\u00f6nnen.<\/p>\n","protected":false},"excerpt":{"rendered":"<p>Manchmal ergibt es sich aus der Arbeit an einem Thema, dass die k\u00f6rperlichen Empfindungen, Bilder und Emotionen nicht zu dem passen, was wir in diesem Leben erlebt haben. Vielleicht \u00fcbernahmen wird dies von jemanden aus unserem Familiensystem. Das l\u00e4sst sich mit einer Aufstellung kl\u00e4ren. Und wenn wir auch im Familiensystem nicht f\u00fcndig werden, wo kommt &hellip; <\/p>\n<p class=\"link-more\"><a href=\"https:\/\/leipe-coaching.de\/?page_id=204\" class=\"more-link\"><span class=\"screen-reader-text\">\u201eR\u00fcckf\u00fchrungen\u201c<\/span> weiterlesen<\/a><\/p>\n","protected":false},"author":1,"featured_media":205,"parent":0,"menu_order":0,"comment_status":"closed","ping_status":"closed","template":"","meta":{"footnotes":""},"class_list":["post-204","page","type-page","status-publish","has-post-thumbnail","hentry"],"_links":{"self":[{"href":"https:\/\/leipe-coaching.de\/index.php?rest_route=\/wp\/v2\/pages\/204","targetHints":{"allow":["GET"]}}],"collection":[{"href":"https:\/\/leipe-coaching.de\/index.php?rest_route=\/wp\/v2\/pages"}],"about":[{"href":"https:\/\/leipe-coaching.de\/index.php?rest_route=\/wp\/v2\/types\/page"}],"author":[{"embeddable":true,"href":"https:\/\/leipe-coaching.de\/index.php?rest_route=\/wp\/v2\/users\/1"}],"replies":[{"embeddable":true,"href":"https:\/\/leipe-coaching.de\/index.php?rest_route=%2Fwp%2Fv2%2Fcomments&post=204"}],"version-history":[{"count":1,"href":"https:\/\/leipe-coaching.de\/index.php?rest_route=\/wp\/v2\/pages\/204\/revisions"}],"predecessor-version":[{"id":207,"href":"https:\/\/leipe-coaching.de\/index.php?rest_route=\/wp\/v2\/pages\/204\/revisions\/207"}],"wp:featuredmedia":[{"embeddable":true,"href":"https:\/\/leipe-coaching.de\/index.php?rest_route=\/wp\/v2\/media\/205"}],"wp:attachment":[{"href":"https:\/\/leipe-coaching.de\/index.php?rest_route=%2Fwp%2Fv2%2Fmedia&parent=204"}],"curies":[{"name":"wp","href":"https:\/\/api.w.org\/{rel}","templated":true}]}}