{"id":219,"date":"2019-06-21T11:44:25","date_gmt":"2019-06-21T11:44:25","guid":{"rendered":"http:\/\/leipe-coaching.de\/?page_id=219"},"modified":"2019-06-21T11:50:12","modified_gmt":"2019-06-21T11:50:12","slug":"astrologie-und-human-design","status":"publish","type":"page","link":"https:\/\/leipe-coaching.de\/?page_id=219","title":{"rendered":"Astrologie und Human Design"},"content":{"rendered":"\n<p>Glauben Sie an Astrologie, dass die Sterne zum Zeitpunkt unserer Geburt unser Schicksal bestimmen? Ich hielt dies den gr\u00f6\u00dften Teil meines Lebens f\u00fcr Humbug. Dann arbeitete ich \u00fcber Jahre hinweg praktisch mit vielen Menschen und fand die Aussagen der Astrologie und des Human Design best\u00e4tigt. Warum diese Systeme funktionieren, wei\u00df ich nicht. Ich arbeite nur damit.<\/p>\n\n\n\n<p>Heute nutze ich Astrologie und Human Design, um die Themen meiner Klienten schnell zu verstehen, sowie zielgerichtet damit zu arbeiten. Auch f\u00fcr die Interaktion zwischen mir und Ihnen sind diese Systeme Gold wert, denn jeder Coach reagiert auf eine eigene Art auf einen bestimmten Typ von Klient und ein bestimmtes Thema.<\/p>\n\n\n\n<p>Wenn es Sie interessiert, was ich aus diesen Systemen herauslese, sage ich es Ihnen gerne. Ansonsten nehme ich es als Hintergrundinformation f\u00fcr meine Arbeit, damit Sie schneller zum gew\u00fcnschten Ergebnis kommen.<\/p>\n","protected":false},"excerpt":{"rendered":"<p>Glauben Sie an Astrologie, dass die Sterne zum Zeitpunkt unserer Geburt unser Schicksal bestimmen? Ich hielt dies den gr\u00f6\u00dften Teil meines Lebens f\u00fcr Humbug. Dann arbeitete ich \u00fcber Jahre hinweg praktisch mit vielen Menschen und fand die Aussagen der Astrologie und des Human Design best\u00e4tigt. Warum diese Systeme funktionieren, wei\u00df ich nicht. Ich arbeite nur &hellip; <\/p>\n<p class=\"link-more\"><a href=\"https:\/\/leipe-coaching.de\/?page_id=219\" class=\"more-link\"><span class=\"screen-reader-text\">\u201eAstrologie und Human Design\u201c<\/span> weiterlesen<\/a><\/p>\n","protected":false},"author":1,"featured_media":221,"parent":0,"menu_order":0,"comment_status":"closed","ping_status":"closed","template":"","meta":{"footnotes":""},"class_list":["post-219","page","type-page","status-publish","has-post-thumbnail","hentry"],"_links":{"self":[{"href":"https:\/\/leipe-coaching.de\/index.php?rest_route=\/wp\/v2\/pages\/219","targetHints":{"allow":["GET"]}}],"collection":[{"href":"https:\/\/leipe-coaching.de\/index.php?rest_route=\/wp\/v2\/pages"}],"about":[{"href":"https:\/\/leipe-coaching.de\/index.php?rest_route=\/wp\/v2\/types\/page"}],"author":[{"embeddable":true,"href":"https:\/\/leipe-coaching.de\/index.php?rest_route=\/wp\/v2\/users\/1"}],"replies":[{"embeddable":true,"href":"https:\/\/leipe-coaching.de\/index.php?rest_route=%2Fwp%2Fv2%2Fcomments&post=219"}],"version-history":[{"count":3,"href":"https:\/\/leipe-coaching.de\/index.php?rest_route=\/wp\/v2\/pages\/219\/revisions"}],"predecessor-version":[{"id":224,"href":"https:\/\/leipe-coaching.de\/index.php?rest_route=\/wp\/v2\/pages\/219\/revisions\/224"}],"wp:featuredmedia":[{"embeddable":true,"href":"https:\/\/leipe-coaching.de\/index.php?rest_route=\/wp\/v2\/media\/221"}],"wp:attachment":[{"href":"https:\/\/leipe-coaching.de\/index.php?rest_route=%2Fwp%2Fv2%2Fmedia&parent=219"}],"curies":[{"name":"wp","href":"https:\/\/api.w.org\/{rel}","templated":true}]}}