{"id":23,"date":"2019-05-11T14:28:19","date_gmt":"2019-05-11T14:28:19","guid":{"rendered":"http:\/\/leipe-coaching.de\/?page_id=23"},"modified":"2025-06-13T12:24:15","modified_gmt":"2025-06-13T12:24:15","slug":"preise-termine","status":"publish","type":"page","link":"https:\/\/leipe-coaching.de\/?page_id=23","title":{"rendered":"Preise &#038; Termine"},"content":{"rendered":"\n<p>Die Coaching-Sitzungen werden nach Zeitdauer abgerechnet. Das Honorar betr\u00e4gt 65 \u20ac pro Stunde. Als Kleinunternehmer im Sinne von \u00a7 19 Abs. 1 UStG wird Umsatzsteuer nicht berechnet.<\/p>\n\n\n\n<p>Einen Termin k\u00f6nnen Sie mit mir vereinbaren unter 01522 1806374. Ich freue mich auf Ihren Anruf.<\/p>\n\n\n\n<p>Mein Coaching findet vorzugsweise \u00fcber Videokonferenz statt. Daf\u00fcr brauchen Sie einen Computer mit Mikrofon und Webcam sowie eine ausreichend schnelle Internetverbindung. Alternativ k\u00f6nnen wir Smartphone oder Telefon nutzen.<\/p>\n","protected":false},"excerpt":{"rendered":"<p>Die Coaching-Sitzungen werden nach Zeitdauer abgerechnet. Das Honorar betr\u00e4gt 65 \u20ac pro Stunde. Als Kleinunternehmer im Sinne von \u00a7 19 Abs. 1 UStG wird Umsatzsteuer nicht berechnet. Einen Termin k\u00f6nnen Sie mit mir vereinbaren unter 01522 1806374. Ich freue mich auf Ihren Anruf. Mein Coaching findet vorzugsweise \u00fcber Videokonferenz statt. Daf\u00fcr brauchen Sie einen Computer &hellip; <\/p>\n<p class=\"link-more\"><a href=\"https:\/\/leipe-coaching.de\/?page_id=23\" class=\"more-link\"><span class=\"screen-reader-text\">\u201ePreise &#038; Termine\u201c<\/span> weiterlesen<\/a><\/p>\n","protected":false},"author":1,"featured_media":100,"parent":0,"menu_order":6,"comment_status":"closed","ping_status":"closed","template":"","meta":{"footnotes":""},"class_list":["post-23","page","type-page","status-publish","has-post-thumbnail","hentry"],"_links":{"self":[{"href":"https:\/\/leipe-coaching.de\/index.php?rest_route=\/wp\/v2\/pages\/23","targetHints":{"allow":["GET"]}}],"collection":[{"href":"https:\/\/leipe-coaching.de\/index.php?rest_route=\/wp\/v2\/pages"}],"about":[{"href":"https:\/\/leipe-coaching.de\/index.php?rest_route=\/wp\/v2\/types\/page"}],"author":[{"embeddable":true,"href":"https:\/\/leipe-coaching.de\/index.php?rest_route=\/wp\/v2\/users\/1"}],"replies":[{"embeddable":true,"href":"https:\/\/leipe-coaching.de\/index.php?rest_route=%2Fwp%2Fv2%2Fcomments&post=23"}],"version-history":[{"count":6,"href":"https:\/\/leipe-coaching.de\/index.php?rest_route=\/wp\/v2\/pages\/23\/revisions"}],"predecessor-version":[{"id":279,"href":"https:\/\/leipe-coaching.de\/index.php?rest_route=\/wp\/v2\/pages\/23\/revisions\/279"}],"wp:featuredmedia":[{"embeddable":true,"href":"https:\/\/leipe-coaching.de\/index.php?rest_route=\/wp\/v2\/media\/100"}],"wp:attachment":[{"href":"https:\/\/leipe-coaching.de\/index.php?rest_route=%2Fwp%2Fv2%2Fmedia&parent=23"}],"curies":[{"name":"wp","href":"https:\/\/api.w.org\/{rel}","templated":true}]}}