{"id":25,"date":"2019-05-26T13:25:06","date_gmt":"2019-05-26T13:25:06","guid":{"rendered":"http:\/\/leipe-coaching.de\/?page_id=25"},"modified":"2019-06-24T18:33:14","modified_gmt":"2019-06-24T18:33:14","slug":"ueber-mich","status":"publish","type":"page","link":"https:\/\/leipe-coaching.de\/?page_id=25","title":{"rendered":"\u00dcber mich"},"content":{"rendered":"\n<p>Jahrgang 1962, Vater von vier wunderbaren Kindern im Alter von 11 bis 20 Jahren,&nbsp;verheiratet, getrennt lebend, in Beziehung.<\/p>\n\n\n\n<h5 class=\"wp-block-heading\">Ausbildungen<\/h5>\n\n\n\n<ul class=\"wp-block-list\"><li>NLP-Master-Coach, Deutscher NLP Coaching Verband e.V., <\/li><li>NLP-Master DVNLP,  <\/li><li>Certified Master-Practitioner NLP, INLPTA, &nbsp;<\/li><li>System Coach, International Association for Systemic Work IASW<\/li><li>Ausbildung in Regressionstherapie, Familienstellen und systemisch-karmischer bzw. systemisch-imaginativer Aufstellungsarbeit nach Erika Sch\u00e4fer<\/li><\/ul>\n\n\n\n<h5 class=\"wp-block-heading\">Fortbildungen\/Seminare<\/h5>\n\n\n\n<ul class=\"wp-block-list\"><li>Zen-Meditation<\/li><li>Tai Chi Chuan<\/li><li>Reiki (2. Grad)<\/li><li>Silva Mind Control<\/li><li>Chinesische Quantum Methode &#8211; CQM<\/li><li>Lebens-Integration-Prozess (LIP)<\/li><li>Astrologie &amp; astrologische Aufstellungen<\/li><li>Human Design System<\/li><li>schamanische Visionssuche<\/li><\/ul>\n\n\n\n<h5 class=\"wp-block-heading\">Sonstiges<\/h5>\n\n\n\n<p>In meinem ersten Beruf bin ich Diplomingenieur f\u00fcr Stadt- und Regionalplanung. Hier lernte ich, mich f\u00fcr komplexe Zusammenh\u00e4nge zu \u00f6ffnen und verstand, dass Konflikte zu 99 % aus menschlichen Themen entstehen, nicht aus fachlichen Fragen.<\/p>\n","protected":false},"excerpt":{"rendered":"<p>Jahrgang 1962, Vater von vier wunderbaren Kindern im Alter von 11 bis 20 Jahren,&nbsp;verheiratet, getrennt lebend, in Beziehung. Ausbildungen NLP-Master-Coach, Deutscher NLP Coaching Verband e.V., NLP-Master DVNLP, Certified Master-Practitioner NLP, INLPTA, &nbsp; System Coach, International Association for Systemic Work IASW Ausbildung in Regressionstherapie, Familienstellen und systemisch-karmischer bzw. systemisch-imaginativer Aufstellungsarbeit nach Erika Sch\u00e4fer Fortbildungen\/Seminare Zen-Meditation Tai &hellip; <\/p>\n<p class=\"link-more\"><a href=\"https:\/\/leipe-coaching.de\/?page_id=25\" class=\"more-link\"><span class=\"screen-reader-text\">\u201e\u00dcber mich\u201c<\/span> weiterlesen<\/a><\/p>\n","protected":false},"author":1,"featured_media":233,"parent":0,"menu_order":5,"comment_status":"closed","ping_status":"closed","template":"","meta":{"footnotes":""},"class_list":["post-25","page","type-page","status-publish","has-post-thumbnail","hentry"],"_links":{"self":[{"href":"https:\/\/leipe-coaching.de\/index.php?rest_route=\/wp\/v2\/pages\/25","targetHints":{"allow":["GET"]}}],"collection":[{"href":"https:\/\/leipe-coaching.de\/index.php?rest_route=\/wp\/v2\/pages"}],"about":[{"href":"https:\/\/leipe-coaching.de\/index.php?rest_route=\/wp\/v2\/types\/page"}],"author":[{"embeddable":true,"href":"https:\/\/leipe-coaching.de\/index.php?rest_route=\/wp\/v2\/users\/1"}],"replies":[{"embeddable":true,"href":"https:\/\/leipe-coaching.de\/index.php?rest_route=%2Fwp%2Fv2%2Fcomments&post=25"}],"version-history":[{"count":3,"href":"https:\/\/leipe-coaching.de\/index.php?rest_route=\/wp\/v2\/pages\/25\/revisions"}],"predecessor-version":[{"id":82,"href":"https:\/\/leipe-coaching.de\/index.php?rest_route=\/wp\/v2\/pages\/25\/revisions\/82"}],"wp:featuredmedia":[{"embeddable":true,"href":"https:\/\/leipe-coaching.de\/index.php?rest_route=\/wp\/v2\/media\/233"}],"wp:attachment":[{"href":"https:\/\/leipe-coaching.de\/index.php?rest_route=%2Fwp%2Fv2%2Fmedia&parent=25"}],"curies":[{"name":"wp","href":"https:\/\/api.w.org\/{rel}","templated":true}]}}